{"id":27,"date":"2025-07-08T10:14:13","date_gmt":"2025-07-08T08:14:13","guid":{"rendered":"https:\/\/ccku.notoklik.pl\/?page_id=27"},"modified":"2025-10-02T12:26:15","modified_gmt":"2025-10-02T10:26:15","slug":"szkolenia","status":"publish","type":"page","link":"https:\/\/ccku.pl\/index.php\/szkolenia\/","title":{"rendered":"Szkolenia"},"content":{"rendered":"\n<h2 class=\"wp-block-heading\">Lista planowanych szkole\u0144*:<\/h2>\n\n\n  <div class=\"lista-szkolen-wrap\">\n    <table class=\"lista-szkolen\">\n      <thead>\n        <tr>\n          <th class=\"col-date\">Data<\/th>\n          <th class=\"col-name\">Temat<\/th>\n          <th class=\"col-address\">Miejsce<\/th>\n          <th class=\"col-amount\">Kwota<\/th>\n          <th class=\"col-file\">Oferta<\/th>\n          <th class=\"col-form\">Formularz<\/th>\n          <th class=\"col-cta\">Zapisz si\u0119<\/th>\n        <\/tr>\n      <\/thead>\n      <tbody>\n              <tr>\n          <td class=\"col-date\" data-label=\"Data\">\n            <div class=\"date-range\">\n              <div class=\"date-line start\">\n                11\/05\/2026              <\/div>\n                          <\/div>\n          <\/td>\n\n          <td class=\"col-name\" data-label=\"Temat\">\n            Pomoc de minimis w dzia\u0142alno\u015bci urz\u0119d\u00f3w pracy          <\/td>\n\n          <td class=\"col-address\" data-label=\"Miejsce\">\n            Katowice          <\/td>\n\n          <td class=\"col-amount\" data-label=\"Kwota\">\n            850 z\u0142          <\/td>\n\n          <td class=\"col-file td-file\" data-label=\"Oferta\">\n                          <a class=\"file-link\" href=\"https:\/\/ccku.pl\/wp-content\/uploads\/2026\/01\/pomoc-de-minimis-Katowice.pdf\" target=\"_blank\" rel=\"noopener\">\n                <img decoding=\"async\" class=\"file-icon\" src=\"https:\/\/ccku.pl\/wp-content\/uploads\/2025\/09\/pdf-icon-png.png\" alt=\"plik oferty\" \/>\n                <span>Pobierz<\/span>\n              <\/a>\n                      <\/td>\n\n          <td class=\"col-form td-form\" data-label=\"Formularz\">\n                          <a class=\"file-link\" href=\"https:\/\/ccku.pl\/wp-content\/uploads\/2026\/03\/formularz-zgloszeniowy-1.doc\" target=\"_blank\" rel=\"noopener\">\n                <img decoding=\"async\" class=\"file-icon\" src=\"https:\/\/ccku.pl\/wp-content\/uploads\/2025\/09\/doc-icon.jpg\" alt=\"plik formularza\" \/>\n                <span>Pobierz<\/span>\n              <\/a>\n                      <\/td>\n\n          <td class=\"col-cta td-cta\" data-label=\"Zapisz si\u0119\">\n            <a class=\"ccku-btn btn-zapisz\" href=\"https:\/\/ccku.pl\/index.php\/formularz-zgloszeniowy\/?temat=Pomoc%20de%20minimis%20w%20dzia\u0142alno\u015bci%20urz\u0119d\u00f3w%20pracy&#038;data_od=11\/05\/2026&#038;data_do&#038;data_suro=2026-05-11&#038;data_do_suro\">\n              ZAPISZ SI\u0118\n            <\/a>\n          <\/td>\n        <\/tr>\n              <tr>\n          <td class=\"col-date\" data-label=\"Data\">\n            <div class=\"date-range\">\n              <div class=\"date-line start\">\n                26\/05\/2026              <\/div>\n                          <\/div>\n          <\/td>\n\n          <td class=\"col-name\" data-label=\"Temat\">\n            Rekrutacja i komunikacja wewn\u0119trzna \u2013 j\u0119zyk inkluzywny i prosty          <\/td>\n\n          <td class=\"col-address\" data-label=\"Miejsce\">\n            on-line          <\/td>\n\n          <td class=\"col-amount\" data-label=\"Kwota\">\n            500 z\u0142          <\/td>\n\n          <td class=\"col-file td-file\" data-label=\"Oferta\">\n                          <a class=\"file-link\" href=\"https:\/\/ccku.pl\/wp-content\/uploads\/2026\/01\/nowoczesna-rekrutacja-i-komunikacja-wewnetrzna.pdf\" target=\"_blank\" rel=\"noopener\">\n                <img decoding=\"async\" class=\"file-icon\" src=\"https:\/\/ccku.pl\/wp-content\/uploads\/2025\/09\/pdf-icon-png.png\" alt=\"plik oferty\" \/>\n                <span>Pobierz<\/span>\n              <\/a>\n                      <\/td>\n\n          <td class=\"col-form td-form\" data-label=\"Formularz\">\n                          <a class=\"file-link\" href=\"https:\/\/ccku.pl\/wp-content\/uploads\/2026\/03\/formularz-zgloszeniowy-1.doc\" target=\"_blank\" rel=\"noopener\">\n                <img decoding=\"async\" class=\"file-icon\" src=\"https:\/\/ccku.pl\/wp-content\/uploads\/2025\/09\/doc-icon.jpg\" alt=\"plik formularza\" \/>\n                <span>Pobierz<\/span>\n              <\/a>\n                      <\/td>\n\n          <td class=\"col-cta td-cta\" data-label=\"Zapisz si\u0119\">\n            <a class=\"ccku-btn btn-zapisz\" href=\"https:\/\/ccku.pl\/index.php\/formularz-zgloszeniowy\/?temat=Rekrutacja%20i%20komunikacja%20wewn\u0119trzna%20\u2013%20j\u0119zyk%20inkluzywny%20i%20prosty&#038;data_od=26\/05\/2026&#038;data_do&#038;data_suro=2026-05-26&#038;data_do_suro\">\n              ZAPISZ SI\u0118\n            <\/a>\n          <\/td>\n        <\/tr>\n              <tr>\n          <td class=\"col-date\" data-label=\"Data\">\n            <div class=\"date-range\">\n              <div class=\"date-line start\">\n                09\/06\/2026              <\/div>\n                          <\/div>\n          <\/td>\n\n          <td class=\"col-name\" data-label=\"Temat\">\n            Komunikacja z klientem \u2013 style i bariery          <\/td>\n\n          <td class=\"col-address\" data-label=\"Miejsce\">\n            on-line          <\/td>\n\n          <td class=\"col-amount\" data-label=\"Kwota\">\n            500 z\u0142          <\/td>\n\n          <td class=\"col-file td-file\" data-label=\"Oferta\">\n                          <a class=\"file-link\" href=\"https:\/\/ccku.pl\/wp-content\/uploads\/2026\/01\/wspolczesne-style-bariery-i-rodzaje-komunikacji.pdf\" target=\"_blank\" rel=\"noopener\">\n                <img decoding=\"async\" class=\"file-icon\" src=\"https:\/\/ccku.pl\/wp-content\/uploads\/2025\/09\/pdf-icon-png.png\" alt=\"plik oferty\" \/>\n                <span>Pobierz<\/span>\n              <\/a>\n                      <\/td>\n\n          <td class=\"col-form td-form\" data-label=\"Formularz\">\n                          <a class=\"file-link\" href=\"https:\/\/ccku.pl\/wp-content\/uploads\/2026\/03\/formularz-zgloszeniowy-1.doc\" target=\"_blank\" rel=\"noopener\">\n                <img decoding=\"async\" class=\"file-icon\" src=\"https:\/\/ccku.pl\/wp-content\/uploads\/2025\/09\/doc-icon.jpg\" alt=\"plik formularza\" \/>\n                <span>Pobierz<\/span>\n              <\/a>\n                      <\/td>\n\n          <td class=\"col-cta td-cta\" data-label=\"Zapisz si\u0119\">\n            <a class=\"ccku-btn btn-zapisz\" href=\"https:\/\/ccku.pl\/index.php\/formularz-zgloszeniowy\/?temat=Komunikacja%20z%20klientem%20\u2013%20style%20i%20bariery&#038;data_od=09\/06\/2026&#038;data_do&#038;data_suro=2026-06-09&#038;data_do_suro\">\n              ZAPISZ SI\u0118\n            <\/a>\n          <\/td>\n        <\/tr>\n              <tr>\n          <td class=\"col-date\" data-label=\"Data\">\n            <div class=\"date-range\">\n              <div class=\"date-line start\">\n                17\/06\/2026              <\/div>\n                          <\/div>\n          <\/td>\n\n          <td class=\"col-name\" data-label=\"Temat\">\n            Zasady realizacji czynno\u015bci kontrolnych w ramach form pomocy          <\/td>\n\n          <td class=\"col-address\" data-label=\"Miejsce\">\n            on-line          <\/td>\n\n          <td class=\"col-amount\" data-label=\"Kwota\">\n            500 z\u0142          <\/td>\n\n          <td class=\"col-file td-file\" data-label=\"Oferta\">\n                          <a class=\"file-link\" href=\"https:\/\/ccku.pl\/wp-content\/uploads\/2026\/04\/czynnosci-kontrolne.pdf\" target=\"_blank\" rel=\"noopener\">\n                <img decoding=\"async\" class=\"file-icon\" src=\"https:\/\/ccku.pl\/wp-content\/uploads\/2025\/09\/pdf-icon-png.png\" alt=\"plik oferty\" \/>\n                <span>Pobierz<\/span>\n              <\/a>\n                      <\/td>\n\n          <td class=\"col-form td-form\" data-label=\"Formularz\">\n                          <a class=\"file-link\" href=\"https:\/\/ccku.pl\/wp-content\/uploads\/2026\/03\/formularz-zgloszeniowy-1.doc\" target=\"_blank\" rel=\"noopener\">\n                <img decoding=\"async\" class=\"file-icon\" src=\"https:\/\/ccku.pl\/wp-content\/uploads\/2025\/09\/doc-icon.jpg\" alt=\"plik formularza\" \/>\n                <span>Pobierz<\/span>\n              <\/a>\n                      <\/td>\n\n          <td class=\"col-cta td-cta\" data-label=\"Zapisz si\u0119\">\n            <a class=\"ccku-btn btn-zapisz\" href=\"https:\/\/ccku.pl\/index.php\/formularz-zgloszeniowy\/?temat=Zasady%20realizacji%20czynno\u015bci%20kontrolnych%20w%20ramach%20form%20pomocy&#038;data_od=17\/06\/2026&#038;data_do&#038;data_suro=2026-06-17&#038;data_do_suro\">\n              ZAPISZ SI\u0118\n            <\/a>\n          <\/td>\n        <\/tr>\n            <\/tbody>\n    <\/table>\n  <\/div>\n  \n\n\n\n<p><strong>*<\/strong> Organizujemy szkolenia zamkni\u0119te obejmuj\u0105ce kluczowe obszary funkcjonowania urz\u0119d\u00f3w i instytucji publicznych, w tym zagadnienia wynikaj\u0105ce z ustawy o rynku pracy i s\u0142u\u017cbach zatrudnienia, ochrony danych osobowych (RODO), elektronicznego obiegu dokument\u00f3w (EZD), Kodeksu post\u0119powania administracyjnego (KPA), e-dor\u0119cze\u0144 oraz korespondencji urz\u0119dowej. Prowadzimy r\u00f3wnie\u017c szkolenia rozwijaj\u0105ce kompetencje mi\u0119kkie i spo\u0142eczne, takie jak komunikacja, przyw\u00f3dztwo czy praca zespo\u0142owa.<br>Program ka\u017cdego szkolenia jest&nbsp;<strong>indywidualnie opracowywany<\/strong>, aby odpowiada\u0142 konkretnym potrzebom uczestnik\u00f3w i wymogom instytucji.<\/p>\n\n\n\n<p><\/p>\n","protected":false},"excerpt":{"rendered":"<p>Lista planowanych szkole\u0144*: * Organizujemy szkolenia zamkni\u0119te obejmuj\u0105ce kluczowe obszary funkcjonowania urz\u0119d\u00f3w i instytucji publicznych, w tym zagadnienia wynikaj\u0105ce z [&hellip;]<\/p>\n","protected":false},"author":1,"featured_media":0,"parent":0,"menu_order":0,"comment_status":"closed","ping_status":"closed","template":"","meta":{"_acf_changed":false,"site-sidebar-layout":"default","site-content-layout":"","ast-site-content-layout":"default","site-content-style":"default","site-sidebar-style":"default","ast-global-header-display":"","ast-banner-title-visibility":"","ast-main-header-display":"","ast-hfb-above-header-display":"","ast-hfb-below-header-display":"","ast-hfb-mobile-header-display":"","site-post-title":"","ast-breadcrumbs-content":"","ast-featured-img":"","footer-sml-layout":"","ast-disable-related-posts":"","theme-transparent-header-meta":"","adv-header-id-meta":"","stick-header-meta":"","header-above-stick-meta":"","header-main-stick-meta":"","header-below-stick-meta":"","astra-migrate-meta-layouts":"default","ast-page-background-enabled":"default","ast-page-background-meta":{"desktop":{"background-color":"var(--ast-global-color-5)","background-image":"","background-repeat":"repeat","background-position":"center center","background-size":"auto","background-attachment":"scroll","background-type":"","background-media":"","overlay-type":"","overlay-color":"","overlay-opacity":"","overlay-gradient":""},"tablet":{"background-color":"","background-image":"","background-repeat":"repeat","background-position":"center center","background-size":"auto","background-attachment":"scroll","background-type":"","background-media":"","overlay-type":"","overlay-color":"","overlay-opacity":"","overlay-gradient":""},"mobile":{"background-color":"","background-image":"","background-repeat":"repeat","background-position":"center center","background-size":"auto","background-attachment":"scroll","background-type":"","background-media":"","overlay-type":"","overlay-color":"","overlay-opacity":"","overlay-gradient":""}},"ast-content-background-meta":{"desktop":{"background-color":"var(--ast-global-color-4)","background-image":"","background-repeat":"repeat","background-position":"center center","background-size":"auto","background-attachment":"scroll","background-type":"","background-media":"","overlay-type":"","overlay-color":"","overlay-opacity":"","overlay-gradient":""},"tablet":{"background-color":"var(--ast-global-color-4)","background-image":"","background-repeat":"repeat","background-position":"center center","background-size":"auto","background-attachment":"scroll","background-type":"","background-media":"","overlay-type":"","overlay-color":"","overlay-opacity":"","overlay-gradient":""},"mobile":{"background-color":"var(--ast-global-color-4)","background-image":"","background-repeat":"repeat","background-position":"center center","background-size":"auto","background-attachment":"scroll","background-type":"","background-media":"","overlay-type":"","overlay-color":"","overlay-opacity":"","overlay-gradient":""}},"footnotes":""},"class_list":["post-27","page","type-page","status-publish","hentry"],"acf":[],"_links":{"self":[{"href":"https:\/\/ccku.pl\/index.php\/wp-json\/wp\/v2\/pages\/27","targetHints":{"allow":["GET"]}}],"collection":[{"href":"https:\/\/ccku.pl\/index.php\/wp-json\/wp\/v2\/pages"}],"about":[{"href":"https:\/\/ccku.pl\/index.php\/wp-json\/wp\/v2\/types\/page"}],"author":[{"embeddable":true,"href":"https:\/\/ccku.pl\/index.php\/wp-json\/wp\/v2\/users\/1"}],"replies":[{"embeddable":true,"href":"https:\/\/ccku.pl\/index.php\/wp-json\/wp\/v2\/comments?post=27"}],"version-history":[{"count":10,"href":"https:\/\/ccku.pl\/index.php\/wp-json\/wp\/v2\/pages\/27\/revisions"}],"predecessor-version":[{"id":987,"href":"https:\/\/ccku.pl\/index.php\/wp-json\/wp\/v2\/pages\/27\/revisions\/987"}],"wp:attachment":[{"href":"https:\/\/ccku.pl\/index.php\/wp-json\/wp\/v2\/media?parent=27"}],"curies":[{"name":"wp","href":"https:\/\/api.w.org\/{rel}","templated":true}]}}