{"id":29,"date":"2025-07-08T10:15:05","date_gmt":"2025-07-08T08:15:05","guid":{"rendered":"https:\/\/ccku.notoklik.pl\/?page_id=29"},"modified":"2025-09-22T19:57:02","modified_gmt":"2025-09-22T17:57:02","slug":"kontakt","status":"publish","type":"page","link":"https:\/\/ccku.pl\/index.php\/kontakt\/","title":{"rendered":"Kontakt"},"content":{"rendered":"\t\t<div data-elementor-type=\"wp-page\" data-elementor-id=\"29\" class=\"elementor elementor-29\">\n\t\t\t\t<div class=\"elementor-element elementor-element-6deb337 e-flex e-con-boxed e-con e-parent\" data-id=\"6deb337\" data-element_type=\"container\" data-e-type=\"container\">\n\t\t\t\t\t<div class=\"e-con-inner\">\n\t\t\t\t<div class=\"elementor-element elementor-element-71b4fb48 elementor-widget elementor-widget-heading\" data-id=\"71b4fb48\" data-element_type=\"widget\" data-e-type=\"widget\" data-widget_type=\"heading.default\">\n\t\t\t\t\t<h2 class=\"elementor-heading-title elementor-size-default\">Kontakt<\/h2>\t\t\t\t<\/div>\n\t\t\t\t\t<\/div>\n\t\t\t\t<\/div>\n\t\t<div class=\"elementor-element elementor-element-2dfd425 e-flex e-con-boxed e-con e-parent\" data-id=\"2dfd425\" data-element_type=\"container\" data-e-type=\"container\" data-settings=\"{&quot;background_background&quot;:&quot;classic&quot;}\">\n\t\t\t\t\t<div class=\"e-con-inner\">\n\t\t<div class=\"elementor-element elementor-element-7a6c0cb0 e-con-full e-flex e-con e-child\" data-id=\"7a6c0cb0\" data-element_type=\"container\" data-e-type=\"container\">\n\t\t\t\t<div class=\"elementor-element elementor-element-6310beab elementor-widget elementor-widget-heading\" data-id=\"6310beab\" data-element_type=\"widget\" data-e-type=\"widget\" data-widget_type=\"heading.default\">\n\t\t\t\t\t<h2 class=\"elementor-heading-title elementor-size-default\">Jacek Kalisz<\/h2>\t\t\t\t<\/div>\n\t\t\t\t<div class=\"elementor-element elementor-element-17371752 elementor-widget elementor-widget-text-editor\" data-id=\"17371752\" data-element_type=\"widget\" data-e-type=\"widget\" data-widget_type=\"text-editor.default\">\n\t\t\t\t\t\t\t\t\t<p style=\"text-align: left;\">Wsp\u00f3\u0142za\u0142o\u017cyciel Consultingowego Centrum Kszta\u0142cenia Ustawicznego.<br \/>Od lat zwi\u0105zany z bran\u017c\u0105 szkoleniow\u0105.<br \/>Specjalizuje si\u0119 w projektowaniu szkole\u0144 dopasowanych do indywidualnych potrzeb \u2013 z dba\u0142o\u015bci\u0105 o ka\u017cdy szczeg\u00f3\u0142 i z nastawieniem na realn\u0105 warto\u015b\u0107 dla uczestnik\u00f3w.<\/p>\t\t\t\t\t\t\t\t<\/div>\n\t\t\t\t<\/div>\n\t\t<div class=\"elementor-element elementor-element-6c9fdd43 e-con-full e-flex e-con e-child\" data-id=\"6c9fdd43\" data-element_type=\"container\" data-e-type=\"container\">\n\t\t\t\t<div class=\"elementor-element elementor-element-502edeb2 elementor-widget__width-initial elementor-widget elementor-widget-image\" data-id=\"502edeb2\" data-element_type=\"widget\" data-e-type=\"widget\" data-widget_type=\"image.default\">\n\t\t\t\t\t\t\t\t\t\t\t\t\t\t\t<img fetchpriority=\"high\" decoding=\"async\" width=\"323\" height=\"324\" src=\"https:\/\/ccku.pl\/wp-content\/uploads\/2025\/09\/jacek-kalisz.png\" class=\"attachment-large size-large wp-image-438\" alt=\"\" srcset=\"https:\/\/ccku.pl\/wp-content\/uploads\/2025\/09\/jacek-kalisz.png 323w, https:\/\/ccku.pl\/wp-content\/uploads\/2025\/09\/jacek-kalisz-300x300.png 300w, https:\/\/ccku.pl\/wp-content\/uploads\/2025\/09\/jacek-kalisz-150x150.png 150w\" sizes=\"(max-width: 323px) 100vw, 323px\" \/>\t\t\t\t\t\t\t\t\t\t\t\t\t\t\t<\/div>\n\t\t\t\t<\/div>\n\t\t\t\t\t<\/div>\n\t\t\t\t<\/div>\n\t\t<div class=\"elementor-element elementor-element-1cc4d216 e-flex e-con-boxed e-con e-parent\" data-id=\"1cc4d216\" data-element_type=\"container\" data-e-type=\"container\" data-settings=\"{&quot;background_background&quot;:&quot;classic&quot;}\">\n\t\t\t\t\t<div class=\"e-con-inner\">\n\t\t<div class=\"elementor-element elementor-element-7448877d e-con-full e-flex e-con e-child\" data-id=\"7448877d\" data-element_type=\"container\" data-e-type=\"container\">\n\t\t\t\t<div class=\"elementor-element elementor-element-b93ecf4 elementor-widget elementor-widget-text-editor\" data-id=\"b93ecf4\" data-element_type=\"widget\" data-e-type=\"widget\" data-widget_type=\"text-editor.default\">\n\t\t\t\t\t\t\t\t\t<p><strong>Consultingowe Centrum Kszta\u0142cenia Ustawicznego<\/strong><br \/><strong>Jacek Kalisz &amp; Ma\u0142gorzata Go\u0142\u0119biowska S.C.<\/strong><br \/>00-582 Warszawa, Al. J.Ch. Szucha 2\/4 lok. nr 44<br \/><span style=\"font-size: 16px;\">e-mail: <\/span><a style=\"font-size: 16px; background-color: #ffffff;\" href=\"mailto:jk@ccku.pl\">jk@ccku.pl<\/a><\/p>\t\t\t\t\t\t\t\t<\/div>\n\t\t\t\t<\/div>\n\t\t<div class=\"elementor-element elementor-element-1d28833d e-con-full e-flex e-con e-child\" data-id=\"1d28833d\" data-element_type=\"container\" data-e-type=\"container\">\n\t\t\t\t<div class=\"elementor-element elementor-element-59df6dd elementor-widget elementor-widget-google_maps\" data-id=\"59df6dd\" data-element_type=\"widget\" data-e-type=\"widget\" data-widget_type=\"google_maps.default\">\n\t\t\t\t\t\t\t<div class=\"elementor-custom-embed\">\n\t\t\t<iframe loading=\"lazy\"\n\t\t\t\t\tsrc=\"https:\/\/maps.google.com\/maps?q=05-582%20Warszawa%2C%20Szucha%202%2F4&#038;t=m&#038;z=10&#038;output=embed&#038;iwloc=near\"\n\t\t\t\t\ttitle=\"05-582 Warszawa, Szucha 2\/4\"\n\t\t\t\t\taria-label=\"05-582 Warszawa, Szucha 2\/4\"\n\t\t\t><\/iframe>\n\t\t<\/div>\n\t\t\t\t\t\t<\/div>\n\t\t\t\t<\/div>\n\t\t\t\t\t<\/div>\n\t\t\t\t<\/div>\n\t\t<div class=\"elementor-element elementor-element-9e9200d e-flex e-con-boxed e-con e-parent\" data-id=\"9e9200d\" data-element_type=\"container\" data-e-type=\"container\" data-settings=\"{&quot;background_background&quot;:&quot;classic&quot;}\">\n\t\t\t\t\t<div class=\"e-con-inner\">\n\t\t<div class=\"elementor-element elementor-element-a095b30 e-con-full e-flex e-con e-child\" data-id=\"a095b30\" data-element_type=\"container\" data-e-type=\"container\">\n\t\t\t\t<div class=\"elementor-element elementor-element-8ffdddc elementor-widget elementor-widget-wpforms\" data-id=\"8ffdddc\" data-element_type=\"widget\" data-e-type=\"widget\" data-widget_type=\"wpforms.default\">\n\t\t\t\t<div class=\"elementor-widget-container\">\n\t\t\t\t\t<style id=\"wpforms-css-vars-elementor-widget-8ffdddc\">\n\t\t\t\t.elementor-widget-wpforms.elementor-element-8ffdddc {\n\t\t\t\t--wpforms-button-background-color: #000000;\n\t\t\t}\n\t\t\t<\/style><div class=\"wpforms-container wpforms-container-full wpforms-render-modern\" id=\"wpforms-442\"><form id=\"wpforms-form-442\" class=\"wpforms-validate wpforms-form wpforms-ajax-form\" data-formid=\"442\" method=\"post\" enctype=\"multipart\/form-data\" action=\"\/index.php\/wp-json\/wp\/v2\/pages\/29\" data-token=\"1cd48735e395e30c5bddda22890c8fdf\" data-token-time=\"1777885685\"><noscript class=\"wpforms-error-noscript\">Aby wype\u0142ni\u0107 ten formularz, w\u0142\u0105cz obs\u0142ug\u0119 JavaScript w przegl\u0105darce.<\/noscript><div id=\"wpforms-error-noscript\" style=\"display: none;\">Aby wype\u0142ni\u0107 ten formularz, w\u0142\u0105cz obs\u0142ug\u0119 JavaScript w przegl\u0105darce.<\/div><div class=\"wpforms-field-container\"><div id=\"wpforms-442-field_2-container\" class=\"wpforms-field wpforms-field-name\" data-field-id=\"2\"><label class=\"wpforms-field-label\" for=\"wpforms-442-field_2\">Imi\u0119 i nazwisko <span class=\"wpforms-required-label\" aria-hidden=\"true\">*<\/span><\/label><input type=\"text\" id=\"wpforms-442-field_2\" class=\"wpforms-field-large wpforms-field-required\" name=\"wpforms[fields][2]\" aria-errormessage=\"wpforms-442-field_2-error\" required><\/div>\t\t<div id=\"wpforms-442-field_1-container\"\n\t\t\tclass=\"wpforms-field wpforms-field-text\"\n\t\t\tdata-field-type=\"text\"\n\t\t\tdata-field-id=\"1\"\n\t\t\t>\n\t\t\t<label class=\"wpforms-field-label\" for=\"wpforms-442-field_1\" >e-mail nazwisko Adres<\/label>\n\t\t\t<input type=\"text\" id=\"wpforms-442-field_1\" class=\"wpforms-field-medium\" name=\"wpforms[fields][1]\" >\n\t\t<\/div>\n\t\t<div id=\"wpforms-442-field_3-container\" class=\"wpforms-field wpforms-field-email\" data-field-id=\"3\"><label class=\"wpforms-field-label\" for=\"wpforms-442-field_3\">Adres e-mail <span class=\"wpforms-required-label\" aria-hidden=\"true\">*<\/span><\/label><input type=\"email\" id=\"wpforms-442-field_3\" class=\"wpforms-field-large wpforms-field-required\" name=\"wpforms[fields][3]\" spellcheck=\"false\" aria-errormessage=\"wpforms-442-field_3-error\" required><\/div><div id=\"wpforms-442-field_4-container\" class=\"wpforms-field wpforms-field-textarea\" data-field-id=\"4\"><label class=\"wpforms-field-label\" for=\"wpforms-442-field_4\">Akapit tekstu<\/label><textarea id=\"wpforms-442-field_4\" class=\"wpforms-field-medium\" name=\"wpforms[fields][4]\" aria-errormessage=\"wpforms-442-field_4-error\" ><\/textarea><\/div><script>\n\t\t\t\t( function() {\n\t\t\t\t\tconst style = document.createElement( 'style' );\n\t\t\t\t\tstyle.appendChild( document.createTextNode( '#wpforms-442-field_1-container { position: absolute !important; overflow: hidden !important; display: inline !important; height: 1px !important; width: 1px !important; z-index: -1000 !important; padding: 0 !important; } #wpforms-442-field_1-container input { visibility: hidden; } #wpforms-conversational-form-page #wpforms-442-field_1-container label { counter-increment: none; }' ) );\n\t\t\t\t\tdocument.head.appendChild( style );\n\t\t\t\t\tdocument.currentScript?.remove();\n\t\t\t\t} )();\n\t\t\t<\/script><\/div><!-- .wpforms-field-container --><div class=\"wpforms-submit-container\" ><input type=\"hidden\" name=\"wpforms[id]\" value=\"442\"><input type=\"hidden\" name=\"page_title\" value=\"\"><input type=\"hidden\" name=\"page_url\" value=\"https:\/\/ccku.pl\/index.php\/wp-json\/wp\/v2\/pages\/29\"><input type=\"hidden\" name=\"url_referer\" value=\"\"><button type=\"submit\" name=\"wpforms[submit]\" id=\"wpforms-submit-442\" class=\"wpforms-submit\" data-alt-text=\"Wysy\u0142anie...\" data-submit-text=\"Prze\u015blij\" aria-live=\"assertive\" value=\"wpforms-submit\">Prze\u015blij<\/button><img decoding=\"async\" src=\"https:\/\/ccku.pl\/wp-content\/plugins\/wpforms-lite\/assets\/images\/submit-spin.svg\" class=\"wpforms-submit-spinner\" style=\"display: none;\" width=\"26\" height=\"26\" alt=\"Wczytywanie\"><\/div><\/form><\/div>  <!-- .wpforms-container -->\t\t\t\t<\/div>\n\t\t\t\t<\/div>\n\t\t\t\t<\/div>\n\t\t<div class=\"elementor-element elementor-element-94e1075 e-con-full e-flex e-con e-child\" data-id=\"94e1075\" data-element_type=\"container\" data-e-type=\"container\">\n\t\t\t\t<div class=\"elementor-element elementor-element-bd4fd50 elementor-widget elementor-widget-text-editor\" data-id=\"bd4fd50\" data-element_type=\"widget\" data-e-type=\"widget\" data-widget_type=\"text-editor.default\">\n\t\t\t\t\t\t\t\t\t<span style=\"color: #000000;\">Podaj\u0105c swoje dane osobowe w formularzu kontaktowym, wyra\u017cam zgod\u0119 na ich przetwarzanie przez <\/span><span style=\"color: #000000;\">CCKU (Al. Szucha 2\/4 lok. 44, 00-582 Warszawa) w celu udzielenia odpowiedzi na moje zapytanie.<\/span>\n<ul>\n \t<li><span style=\"color: #000000;\">Podanie danych jest dobrowolne, jednak niezb\u0119dne do uzyskania odpowiedzi.<\/span><\/li>\n \t<li><span style=\"color: #000000;\">Dane b\u0119d\u0105 przechowywane wy\u0142\u0105cznie do czasu udzielenia odpowiedzi, a nast\u0119pnie zostan\u0105 usuni\u0119te.<\/span><\/li>\n \t<li><span style=\"color: #000000;\">Przys\u0142uguje mi prawo dost\u0119pu do danych, ich sprostowania, usuni\u0119cia oraz wniesienia sprzeciwu wobec przetwarzania.<\/span><\/li>\n \t<li><span style=\"color: #000000;\">Szczeg\u00f3\u0142owe informacje znajduj\u0105 si\u0119 w <a style=\"color: #000000;\" href=\"https:\/\/ccku.pl\/index.php\/polityka-prywatnosci\/\"><strong>Polityce Prywatno\u015bci<\/strong>.<\/a><\/span><\/li>\n<\/ul>\t\t\t\t\t\t\t\t<\/div>\n\t\t\t\t<\/div>\n\t\t\t\t\t<\/div>\n\t\t\t\t<\/div>\n\t\t\t\t<\/div>\n\t\t","protected":false},"excerpt":{"rendered":"<p>Kontakt Jacek Kalisz Wsp\u00f3\u0142za\u0142o\u017cyciel Consultingowego Centrum Kszta\u0142cenia Ustawicznego.Od lat zwi\u0105zany z bran\u017c\u0105 szkoleniow\u0105.Specjalizuje si\u0119 w projektowaniu szkole\u0144 dopasowanych do indywidualnych [&hellip;]<\/p>\n","protected":false},"author":1,"featured_media":0,"parent":0,"menu_order":0,"comment_status":"closed","ping_status":"closed","template":"","meta":{"_acf_changed":false,"site-sidebar-layout":"no-sidebar","site-content-layout":"","ast-site-content-layout":"full-width-container","site-content-style":"default","site-sidebar-style":"default","ast-global-header-display":"","ast-banner-title-visibility":"","ast-main-header-display":"","ast-hfb-above-header-display":"","ast-hfb-below-header-display":"","ast-hfb-mobile-header-display":"","site-post-title":"","ast-breadcrumbs-content":"","ast-featured-img":"disabled","footer-sml-layout":"","ast-disable-related-posts":"","theme-transparent-header-meta":"","adv-header-id-meta":"","stick-header-meta":"","header-above-stick-meta":"","header-main-stick-meta":"","header-below-stick-meta":"","astra-migrate-meta-layouts":"default","ast-page-background-enabled":"default","ast-page-background-meta":{"desktop":{"background-color":"var(--ast-global-color-5)","background-image":"","background-repeat":"repeat","background-position":"center center","background-size":"auto","background-attachment":"scroll","background-type":"","background-media":"","overlay-type":"","overlay-color":"","overlay-opacity":"","overlay-gradient":""},"tablet":{"background-color":"","background-image":"","background-repeat":"repeat","background-position":"center center","background-size":"auto","background-attachment":"scroll","background-type":"","background-media":"","overlay-type":"","overlay-color":"","overlay-opacity":"","overlay-gradient":""},"mobile":{"background-color":"","background-image":"","background-repeat":"repeat","background-position":"center center","background-size":"auto","background-attachment":"scroll","background-type":"","background-media":"","overlay-type":"","overlay-color":"","overlay-opacity":"","overlay-gradient":""}},"ast-content-background-meta":{"desktop":{"background-color":"var(--ast-global-color-4)","background-image":"","background-repeat":"repeat","background-position":"center center","background-size":"auto","background-attachment":"scroll","background-type":"","background-media":"","overlay-type":"","overlay-color":"","overlay-opacity":"","overlay-gradient":""},"tablet":{"background-color":"var(--ast-global-color-4)","background-image":"","background-repeat":"repeat","background-position":"center center","background-size":"auto","background-attachment":"scroll","background-type":"","background-media":"","overlay-type":"","overlay-color":"","overlay-opacity":"","overlay-gradient":""},"mobile":{"background-color":"var(--ast-global-color-4)","background-image":"","background-repeat":"repeat","background-position":"center center","background-size":"auto","background-attachment":"scroll","background-type":"","background-media":"","overlay-type":"","overlay-color":"","overlay-opacity":"","overlay-gradient":""}},"footnotes":""},"class_list":["post-29","page","type-page","status-publish","hentry"],"acf":[],"_links":{"self":[{"href":"https:\/\/ccku.pl\/index.php\/wp-json\/wp\/v2\/pages\/29","targetHints":{"allow":["GET"]}}],"collection":[{"href":"https:\/\/ccku.pl\/index.php\/wp-json\/wp\/v2\/pages"}],"about":[{"href":"https:\/\/ccku.pl\/index.php\/wp-json\/wp\/v2\/types\/page"}],"author":[{"embeddable":true,"href":"https:\/\/ccku.pl\/index.php\/wp-json\/wp\/v2\/users\/1"}],"replies":[{"embeddable":true,"href":"https:\/\/ccku.pl\/index.php\/wp-json\/wp\/v2\/comments?post=29"}],"version-history":[{"count":88,"href":"https:\/\/ccku.pl\/index.php\/wp-json\/wp\/v2\/pages\/29\/revisions"}],"predecessor-version":[{"id":908,"href":"https:\/\/ccku.pl\/index.php\/wp-json\/wp\/v2\/pages\/29\/revisions\/908"}],"wp:attachment":[{"href":"https:\/\/ccku.pl\/index.php\/wp-json\/wp\/v2\/media?parent=29"}],"curies":[{"name":"wp","href":"https:\/\/api.w.org\/{rel}","templated":true}]}}