{"id":425,"date":"2025-09-16T21:17:11","date_gmt":"2025-09-16T19:17:11","guid":{"rendered":"https:\/\/ccku.notoklik.pl\/?page_id=425"},"modified":"2025-09-22T13:13:07","modified_gmt":"2025-09-22T11:13:07","slug":"o-nas-2","status":"publish","type":"page","link":"https:\/\/ccku.pl\/index.php\/o-nas-2\/","title":{"rendered":"O nas"},"content":{"rendered":"\t\t<div data-elementor-type=\"wp-page\" data-elementor-id=\"425\" class=\"elementor elementor-425\">\n\t\t\t\t<div class=\"elementor-element elementor-element-b7cfe57 e-flex e-con-boxed e-con e-parent\" data-id=\"b7cfe57\" data-element_type=\"container\" data-e-type=\"container\" data-settings=\"{&quot;background_background&quot;:&quot;classic&quot;}\">\n\t\t\t\t\t<div class=\"e-con-inner\">\n\t\t\t\t<div class=\"elementor-element elementor-element-b16f87c elementor-widget elementor-widget-heading\" data-id=\"b16f87c\" data-element_type=\"widget\" data-e-type=\"widget\" data-widget_type=\"heading.default\">\n\t\t\t\t\t<h2 class=\"elementor-heading-title elementor-size-default\">O nas<\/h2>\t\t\t\t<\/div>\n\t\t\t\t\t<\/div>\n\t\t\t\t<\/div>\n\t\t<div class=\"elementor-element elementor-element-2c550610 e-flex e-con-boxed e-con e-parent\" data-id=\"2c550610\" data-element_type=\"container\" data-e-type=\"container\" data-settings=\"{&quot;background_background&quot;:&quot;classic&quot;}\">\n\t\t\t\t\t<div class=\"e-con-inner\">\n\t\t<div class=\"elementor-element elementor-element-3cd3db7e e-con-full e-flex e-con e-child\" data-id=\"3cd3db7e\" data-element_type=\"container\" data-e-type=\"container\">\n\t\t\t\t<div class=\"elementor-element elementor-element-59af5ddd elementor-widget elementor-widget-text-editor\" data-id=\"59af5ddd\" data-element_type=\"widget\" data-e-type=\"widget\" data-widget_type=\"text-editor.default\">\n\t\t\t\t\t\t\t\t\t<p class=\"v1v1msonormal\">Consultingowe Centrum Kszta\u0142cenia<b>\u00a0<\/b>Ustawicznego\u00a0dzia\u0142a nieprzerwanie od 1 kwietnia 2004 roku. Od pocz\u0105tku wyr\u00f3\u017cnia nas co\u015b wi\u0119cej ni\u017c tylko rzetelne i skuteczne szkolenia \u2013 nasz\u0105 si\u0142\u0105 jest doradztwo, empatia i indywidualne podej\u015bcie. To w\u0142a\u015bnie dlatego w naszej nazwie znalaz\u0142o si\u0119 s\u0142owo\u00a0<i>\u201econsultingowe\u201d<\/i>.<\/p><p class=\"v1v1msonormal\">S\u0142uchamy. Pytamy. Konsultujemy.<br \/>Nie narzucamy gotowych schemat\u00f3w \u2013 wsp\u00f3lnie z urz\u0119dami, instytucjami i klientami indywidualnymi wypracowujemy najlepsze rozwi\u0105zania. Do szkole\u0144 i projekt\u00f3w podchodzimy jak do partnerstwa \u2013 wspieramy, doradzamy i jeste\u015bmy obecni na ka\u017cdym etapie.<\/p><p class=\"v1v1msonormal\"><strong>20+ lat do\u015bwiadczenia<\/strong><b><br \/><\/b>Od ponad 20 lat realizujemy szkolenia i programy rozwojowe dla jednostek bud\u017cetowych, samorz\u0105dowych, instytucji rynku pracy, urz\u0119d\u00f3w pracy oraz rad rynku pracy. Na naszym koncie mamy setki zrealizowanych szkole\u0144 oraz dziesi\u0105tki specjalnych wydarze\u0144, np. Konwent\u00f3w Dyrektor\u00f3w Urz\u0119d\u00f3w Pracy.<\/p><p class=\"v1v1msonormal\">Specjalizujemy si\u0119 w szkoleniach finansowanych ze \u015brodk\u00f3w UE. Zapewniamy pe\u0142n\u0105 obs\u0142ug\u0119: od programu, przez zaj\u0119cia, a\u017c po ewaluacj\u0119 i raportowanie. Dzi\u0119ki wieloletniemu do\u015bwiadczeniu przygotowujemy szkolenia dopasowane do aktualnych wymog\u00f3w i realnych potrzeb uczestnik\u00f3w \u2013 praktyczne, efektywne i wysokiej jako\u015bci.<\/p><p class=\"v1v1msonormal\">Poza szkoleniami stacjonarnymi organizujemy tak\u017ce wyjazdy studyjne w UE, kt\u00f3re \u0142\u0105cz\u0105 wiedz\u0119 z praktyk\u0105 w zagranicznych instytucjach i firmach. To okazja, aby zobaczy\u0107, jak rozwi\u0105zania ze szkole\u0144 dzia\u0142aj\u0105 w rzeczywisto\u015bci, i poszerzy\u0107 perspektyw\u0119 uczestnik\u00f3w. Dotychczas odwiedzili\u015bmy \u0141otw\u0119, Litw\u0119, Czechy, S\u0142owacj\u0119, Austri\u0119, Niemcy, S\u0142oweni\u0119, W\u0119gry, Szwecj\u0119, W\u0142ochy, a tak\u017ce \u2013 przed wybuchem wojny \u2013 Ukrain\u0119 i Bia\u0142oru\u015b. Ka\u017cdy wyjazd planujemy kompleksowo: spotkania merytoryczne, wizyty w instytucjach i firmach oraz czas na integracj\u0119 i regeneracj\u0119.<\/p>\t\t\t\t\t\t\t\t<\/div>\n\t\t\t\t<\/div>\n\t\t<div class=\"elementor-element elementor-element-624e351a e-con-full e-flex e-con e-child\" data-id=\"624e351a\" data-element_type=\"container\" data-e-type=\"container\">\n\t\t\t\t<div class=\"elementor-element elementor-element-203abd24 elementor-widget__width-initial elementor-widget elementor-widget-image\" data-id=\"203abd24\" data-element_type=\"widget\" data-e-type=\"widget\" data-widget_type=\"image.default\">\n\t\t\t\t\t\t\t\t\t\t\t\t\t\t\t<img fetchpriority=\"high\" decoding=\"async\" width=\"1024\" height=\"1024\" src=\"https:\/\/ccku.pl\/wp-content\/uploads\/2025\/09\/osoby-biorace-udzial-w-wydarzeniu-o-wysokim-protokole-2.jpg\" class=\"attachment-large size-large wp-image-207\" alt=\"\" srcset=\"https:\/\/ccku.pl\/wp-content\/uploads\/2025\/09\/osoby-biorace-udzial-w-wydarzeniu-o-wysokim-protokole-2.jpg 1024w, https:\/\/ccku.pl\/wp-content\/uploads\/2025\/09\/osoby-biorace-udzial-w-wydarzeniu-o-wysokim-protokole-2-300x300.jpg 300w, https:\/\/ccku.pl\/wp-content\/uploads\/2025\/09\/osoby-biorace-udzial-w-wydarzeniu-o-wysokim-protokole-2-150x150.jpg 150w, https:\/\/ccku.pl\/wp-content\/uploads\/2025\/09\/osoby-biorace-udzial-w-wydarzeniu-o-wysokim-protokole-2-768x768.jpg 768w\" sizes=\"(max-width: 1024px) 100vw, 1024px\" \/>\t\t\t\t\t\t\t\t\t\t\t\t\t\t\t<\/div>\n\t\t\t\t<\/div>\n\t\t\t\t\t<\/div>\n\t\t\t\t<\/div>\n\t\t<div class=\"elementor-element elementor-element-a7fd748 e-flex e-con-boxed e-con e-parent\" data-id=\"a7fd748\" data-element_type=\"container\" data-e-type=\"container\" data-settings=\"{&quot;background_background&quot;:&quot;classic&quot;}\">\n\t\t\t\t\t<div class=\"e-con-inner\">\n\t\t<div class=\"elementor-element elementor-element-8743b43 e-con-full e-flex e-con e-child\" data-id=\"8743b43\" data-element_type=\"container\" data-e-type=\"container\">\n\t\t\t\t<div class=\"elementor-element elementor-element-30a2b7fb elementor-widget elementor-widget-image\" data-id=\"30a2b7fb\" data-element_type=\"widget\" data-e-type=\"widget\" data-settings=\"{&quot;_animation_mobile&quot;:&quot;fadeIn&quot;}\" data-widget_type=\"image.default\">\n\t\t\t\t\t\t\t\t\t\t\t\t\t\t\t<img decoding=\"async\" width=\"1024\" height=\"670\" src=\"https:\/\/ccku.pl\/wp-content\/uploads\/2025\/07\/eksperci-1024x670.avif\" class=\"attachment-large size-large wp-image-67\" alt=\"\" srcset=\"https:\/\/ccku.pl\/wp-content\/uploads\/2025\/07\/eksperci-1024x670.avif 1024w, https:\/\/ccku.pl\/wp-content\/uploads\/2025\/07\/eksperci-300x196.avif 300w, https:\/\/ccku.pl\/wp-content\/uploads\/2025\/07\/eksperci-768x502.avif 768w, https:\/\/ccku.pl\/wp-content\/uploads\/2025\/07\/eksperci-1536x1005.avif 1536w, https:\/\/ccku.pl\/wp-content\/uploads\/2025\/07\/eksperci-2048x1340.avif 2048w\" sizes=\"(max-width: 1024px) 100vw, 1024px\" \/>\t\t\t\t\t\t\t\t\t\t\t\t\t\t\t<\/div>\n\t\t\t\t<div class=\"elementor-element elementor-element-173a7ee2 elementor-widget elementor-widget-heading\" data-id=\"173a7ee2\" data-element_type=\"widget\" data-e-type=\"widget\" data-widget_type=\"heading.default\">\n\t\t\t\t\t<h2 class=\"elementor-heading-title elementor-size-default\">WSZECHSTRONNY ZESP\u00d3\u0141 SZKOLENIOWY<\/h2>\t\t\t\t<\/div>\n\t\t\t\t<div class=\"elementor-element elementor-element-14be9a2d elementor-widget elementor-widget-text-editor\" data-id=\"14be9a2d\" data-element_type=\"widget\" data-e-type=\"widget\" data-widget_type=\"text-editor.default\">\n\t\t\t\t\t\t\t\t\t<p>Maj\u0105 do\u015bwiadczenie i ugruntowan\u0105 wiedz\u0119 w swoich specjalno\u015bciach, a przede wszystkim potrafi\u0105 przekazywa\u0107 j\u0105 w ciekawy i nowoczesny spos\u00f3b<\/p>\t\t\t\t\t\t\t\t<\/div>\n\t\t\t\t<\/div>\n\t\t<div class=\"elementor-element elementor-element-f064b3a e-con-full e-flex e-con e-child\" data-id=\"f064b3a\" data-element_type=\"container\" data-e-type=\"container\">\n\t\t\t\t<div class=\"elementor-element elementor-element-10b225b elementor-widget elementor-widget-image\" data-id=\"10b225b\" data-element_type=\"widget\" data-e-type=\"widget\" data-settings=\"{&quot;_animation_mobile&quot;:&quot;fadeIn&quot;}\" data-widget_type=\"image.default\">\n\t\t\t\t\t\t\t\t\t\t\t\t\t\t\t<img decoding=\"async\" width=\"1024\" height=\"670\" src=\"https:\/\/ccku.pl\/wp-content\/uploads\/2025\/07\/wykladowca-1024x670.jpg\" class=\"attachment-large size-large wp-image-46\" alt=\"\" srcset=\"https:\/\/ccku.pl\/wp-content\/uploads\/2025\/07\/wykladowca-1024x670.jpg 1024w, https:\/\/ccku.pl\/wp-content\/uploads\/2025\/07\/wykladowca-300x196.jpg 300w, https:\/\/ccku.pl\/wp-content\/uploads\/2025\/07\/wykladowca-768x502.jpg 768w, https:\/\/ccku.pl\/wp-content\/uploads\/2025\/07\/wykladowca-1536x1005.jpg 1536w, https:\/\/ccku.pl\/wp-content\/uploads\/2025\/07\/wykladowca-2048x1340.jpg 2048w\" sizes=\"(max-width: 1024px) 100vw, 1024px\" \/>\t\t\t\t\t\t\t\t\t\t\t\t\t\t\t<\/div>\n\t\t\t\t<div class=\"elementor-element elementor-element-8714da1 elementor-widget elementor-widget-heading\" data-id=\"8714da1\" data-element_type=\"widget\" data-e-type=\"widget\" data-widget_type=\"heading.default\">\n\t\t\t\t\t<h2 class=\"elementor-heading-title elementor-size-default\">EKSPERCI<\/h2>\t\t\t\t<\/div>\n\t\t\t\t<div class=\"elementor-element elementor-element-b3ee51b elementor-hidden-tablet elementor-hidden-mobile elementor-widget elementor-widget-spacer\" data-id=\"b3ee51b\" data-element_type=\"widget\" data-e-type=\"widget\" data-widget_type=\"spacer.default\">\n\t\t\t\t\t\t\t<div class=\"elementor-spacer\">\n\t\t\t<div class=\"elementor-spacer-inner\"><\/div>\n\t\t<\/div>\n\t\t\t\t\t\t<\/div>\n\t\t\t\t<div class=\"elementor-element elementor-element-140efba7 elementor-widget elementor-widget-text-editor\" data-id=\"140efba7\" data-element_type=\"widget\" data-e-type=\"widget\" data-widget_type=\"text-editor.default\">\n\t\t\t\t\t\t\t\t\t<p>Gwarantuje uczestnikom praktyczne rozwi\u0105zania i edukacj\u0119 jako\u015bciow\u0105 na ka\u017cdy temat<\/p>\t\t\t\t\t\t\t\t<\/div>\n\t\t\t\t<\/div>\n\t\t<div class=\"elementor-element elementor-element-1d3f66d e-con-full e-flex e-con e-child\" data-id=\"1d3f66d\" data-element_type=\"container\" data-e-type=\"container\">\n\t\t\t\t<div class=\"elementor-element elementor-element-e387942 elementor-widget elementor-widget-image\" data-id=\"e387942\" data-element_type=\"widget\" data-e-type=\"widget\" data-settings=\"{&quot;_animation_mobile&quot;:&quot;fadeIn&quot;}\" data-widget_type=\"image.default\">\n\t\t\t\t\t\t\t\t\t\t\t\t\t\t\t<img loading=\"lazy\" decoding=\"async\" width=\"1024\" height=\"670\" src=\"https:\/\/ccku.pl\/wp-content\/uploads\/2025\/07\/baza-noclegowa-1024x670.avif\" class=\"attachment-large size-large wp-image-71\" alt=\"\" srcset=\"https:\/\/ccku.pl\/wp-content\/uploads\/2025\/07\/baza-noclegowa-1024x670.avif 1024w, https:\/\/ccku.pl\/wp-content\/uploads\/2025\/07\/baza-noclegowa-300x196.avif 300w, https:\/\/ccku.pl\/wp-content\/uploads\/2025\/07\/baza-noclegowa-768x502.avif 768w, https:\/\/ccku.pl\/wp-content\/uploads\/2025\/07\/baza-noclegowa-1536x1005.avif 1536w, https:\/\/ccku.pl\/wp-content\/uploads\/2025\/07\/baza-noclegowa-2048x1340.avif 2048w\" sizes=\"(max-width: 1024px) 100vw, 1024px\" \/>\t\t\t\t\t\t\t\t\t\t\t\t\t\t\t<\/div>\n\t\t\t\t<div class=\"elementor-element elementor-element-52a56083 elementor-widget elementor-widget-heading\" data-id=\"52a56083\" data-element_type=\"widget\" data-e-type=\"widget\" data-widget_type=\"heading.default\">\n\t\t\t\t\t<h2 class=\"elementor-heading-title elementor-size-default\">KOMFORTOWA BAZA NOCLEGOWA<\/h2>\t\t\t\t<\/div>\n\t\t\t\t<div class=\"elementor-element elementor-element-a5aa6e4 elementor-hidden-tablet elementor-hidden-mobile elementor-widget elementor-widget-spacer\" data-id=\"a5aa6e4\" data-element_type=\"widget\" data-e-type=\"widget\" data-widget_type=\"spacer.default\">\n\t\t\t\t\t\t\t<div class=\"elementor-spacer\">\n\t\t\t<div class=\"elementor-spacer-inner\"><\/div>\n\t\t<\/div>\n\t\t\t\t\t\t<\/div>\n\t\t\t\t<div class=\"elementor-element elementor-element-7cb4f1c9 elementor-widget elementor-widget-text-editor\" data-id=\"7cb4f1c9\" data-element_type=\"widget\" data-e-type=\"widget\" data-widget_type=\"text-editor.default\">\n\t\t\t\t\t\t\t\t\t<p>Szkolenia odbywaj\u0105 si\u0119 w najpi\u0119kniejszych regionach Polski i za granic\u0105, z doskonale zbilansowanym czasem na nauk\u0119 oraz aktywny i atrakcyjny wypoczynek<\/p>\t\t\t\t\t\t\t\t<\/div>\n\t\t\t\t<\/div>\n\t\t<div class=\"elementor-element elementor-element-4b64014 e-con-full e-flex e-con e-child\" data-id=\"4b64014\" data-element_type=\"container\" data-e-type=\"container\">\n\t\t\t\t<div class=\"elementor-element elementor-element-5de65967 elementor-widget elementor-widget-image\" data-id=\"5de65967\" data-element_type=\"widget\" data-e-type=\"widget\" data-settings=\"{&quot;_animation_mobile&quot;:&quot;fadeIn&quot;}\" data-widget_type=\"image.default\">\n\t\t\t\t\t\t\t\t\t\t\t\t\t\t\t<img loading=\"lazy\" decoding=\"async\" width=\"1024\" height=\"670\" src=\"https:\/\/ccku.pl\/wp-content\/uploads\/2025\/07\/szkolenie-1024x670.avif\" class=\"attachment-large size-large wp-image-75\" alt=\"\" srcset=\"https:\/\/ccku.pl\/wp-content\/uploads\/2025\/07\/szkolenie-1024x670.avif 1024w, https:\/\/ccku.pl\/wp-content\/uploads\/2025\/07\/szkolenie-300x196.avif 300w, https:\/\/ccku.pl\/wp-content\/uploads\/2025\/07\/szkolenie-768x502.avif 768w, https:\/\/ccku.pl\/wp-content\/uploads\/2025\/07\/szkolenie-1536x1005.avif 1536w, https:\/\/ccku.pl\/wp-content\/uploads\/2025\/07\/szkolenie-2048x1340.avif 2048w\" sizes=\"(max-width: 1024px) 100vw, 1024px\" \/>\t\t\t\t\t\t\t\t\t\t\t\t\t\t\t<\/div>\n\t\t\t\t<div class=\"elementor-element elementor-element-6b652cde elementor-widget elementor-widget-heading\" data-id=\"6b652cde\" data-element_type=\"widget\" data-e-type=\"widget\" data-widget_type=\"heading.default\">\n\t\t\t\t\t<h2 class=\"elementor-heading-title elementor-size-default\">NOWOCZESNE \nI PRAKTYCZNE<\/h2>\t\t\t\t<\/div>\n\t\t\t\t<div class=\"elementor-element elementor-element-cb5148d elementor-hidden-tablet elementor-hidden-mobile elementor-widget elementor-widget-spacer\" data-id=\"cb5148d\" data-element_type=\"widget\" data-e-type=\"widget\" data-widget_type=\"spacer.default\">\n\t\t\t\t\t\t\t<div class=\"elementor-spacer\">\n\t\t\t<div class=\"elementor-spacer-inner\"><\/div>\n\t\t<\/div>\n\t\t\t\t\t\t<\/div>\n\t\t\t\t<div class=\"elementor-element elementor-element-476477af elementor-widget elementor-widget-text-editor\" data-id=\"476477af\" data-element_type=\"widget\" data-e-type=\"widget\" data-widget_type=\"text-editor.default\">\n\t\t\t\t\t\t\t\t\t<p>Programy oraz metody szkoleniowe dopasowane do potrzeb uczestnik\u00f3w<\/p>\t\t\t\t\t\t\t\t<\/div>\n\t\t\t\t<\/div>\n\t\t\t\t\t<\/div>\n\t\t\t\t<\/div>\n\t\t\t\t<\/div>\n\t\t","protected":false},"excerpt":{"rendered":"<p>O nas Consultingowe Centrum Kszta\u0142cenia\u00a0Ustawicznego\u00a0dzia\u0142a nieprzerwanie od 1 kwietnia 2004 roku. Od pocz\u0105tku wyr\u00f3\u017cnia nas co\u015b wi\u0119cej ni\u017c tylko rzetelne [&hellip;]<\/p>\n","protected":false},"author":1,"featured_media":0,"parent":0,"menu_order":0,"comment_status":"closed","ping_status":"closed","template":"","meta":{"_acf_changed":false,"site-sidebar-layout":"no-sidebar","site-content-layout":"","ast-site-content-layout":"full-width-container","site-content-style":"default","site-sidebar-style":"default","ast-global-header-display":"","ast-banner-title-visibility":"","ast-main-header-display":"","ast-hfb-above-header-display":"","ast-hfb-below-header-display":"","ast-hfb-mobile-header-display":"","site-post-title":"","ast-breadcrumbs-content":"","ast-featured-img":"disabled","footer-sml-layout":"","ast-disable-related-posts":"","theme-transparent-header-meta":"","adv-header-id-meta":"","stick-header-meta":"","header-above-stick-meta":"","header-main-stick-meta":"","header-below-stick-meta":"","astra-migrate-meta-layouts":"default","ast-page-background-enabled":"default","ast-page-background-meta":{"desktop":{"background-color":"var(--ast-global-color-5)","background-image":"","background-repeat":"repeat","background-position":"center center","background-size":"auto","background-attachment":"scroll","background-type":"","background-media":"","overlay-type":"","overlay-color":"","overlay-opacity":"","overlay-gradient":""},"tablet":{"background-color":"","background-image":"","background-repeat":"repeat","background-position":"center center","background-size":"auto","background-attachment":"scroll","background-type":"","background-media":"","overlay-type":"","overlay-color":"","overlay-opacity":"","overlay-gradient":""},"mobile":{"background-color":"","background-image":"","background-repeat":"repeat","background-position":"center center","background-size":"auto","background-attachment":"scroll","background-type":"","background-media":"","overlay-type":"","overlay-color":"","overlay-opacity":"","overlay-gradient":""}},"ast-content-background-meta":{"desktop":{"background-color":"var(--ast-global-color-4)","background-image":"","background-repeat":"repeat","background-position":"center center","background-size":"auto","background-attachment":"scroll","background-type":"","background-media":"","overlay-type":"","overlay-color":"","overlay-opacity":"","overlay-gradient":""},"tablet":{"background-color":"var(--ast-global-color-4)","background-image":"","background-repeat":"repeat","background-position":"center center","background-size":"auto","background-attachment":"scroll","background-type":"","background-media":"","overlay-type":"","overlay-color":"","overlay-opacity":"","overlay-gradient":""},"mobile":{"background-color":"var(--ast-global-color-4)","background-image":"","background-repeat":"repeat","background-position":"center center","background-size":"auto","background-attachment":"scroll","background-type":"","background-media":"","overlay-type":"","overlay-color":"","overlay-opacity":"","overlay-gradient":""}},"footnotes":""},"class_list":["post-425","page","type-page","status-publish","hentry"],"acf":[],"_links":{"self":[{"href":"https:\/\/ccku.pl\/index.php\/wp-json\/wp\/v2\/pages\/425","targetHints":{"allow":["GET"]}}],"collection":[{"href":"https:\/\/ccku.pl\/index.php\/wp-json\/wp\/v2\/pages"}],"about":[{"href":"https:\/\/ccku.pl\/index.php\/wp-json\/wp\/v2\/types\/page"}],"author":[{"embeddable":true,"href":"https:\/\/ccku.pl\/index.php\/wp-json\/wp\/v2\/users\/1"}],"replies":[{"embeddable":true,"href":"https:\/\/ccku.pl\/index.php\/wp-json\/wp\/v2\/comments?post=425"}],"version-history":[{"count":97,"href":"https:\/\/ccku.pl\/index.php\/wp-json\/wp\/v2\/pages\/425\/revisions"}],"predecessor-version":[{"id":868,"href":"https:\/\/ccku.pl\/index.php\/wp-json\/wp\/v2\/pages\/425\/revisions\/868"}],"wp:attachment":[{"href":"https:\/\/ccku.pl\/index.php\/wp-json\/wp\/v2\/media?parent=425"}],"curies":[{"name":"wp","href":"https:\/\/api.w.org\/{rel}","templated":true}]}}