{"id":980,"date":"2025-10-02T12:11:14","date_gmt":"2025-10-02T10:11:14","guid":{"rendered":"https:\/\/ccku.pl\/?page_id=980"},"modified":"2025-12-18T07:29:45","modified_gmt":"2025-12-18T06:29:45","slug":"opinie-i-referencje","status":"publish","type":"page","link":"https:\/\/ccku.pl\/index.php\/opinie-i-referencje\/","title":{"rendered":"Referencje"},"content":{"rendered":"\n<h2 class=\"wp-block-heading\">Lista wybranych referencji:<\/h2>\n\n\n\n<div style=\"max-width:1000px; margin:0 auto;\">\n  <table style=\"width:100%; border-collapse: collapse; font-family: Helvetica, Arial, sans-serif; font-size: 14px; background-color:#fff;\">\n    <tbody>\n      <!-- 1 -->\n      <tr>\n        <td style=\"border:1px solid #000; padding:8px; text-align:center; width:40px;\">1<\/td>\n        <td style=\"border:1px solid #000; padding:8px; width:350px;\">\n          3-5.12.2025<br>\n          <strong>Warsztaty dla kadry EURES<\/strong>\n        <\/td>\n        <td style=\"border:1px solid #000; padding:8px;\">\n          \u201eUs\u0142uga zosta\u0142a wykonana terminowo, rzetelnie i z pe\u0142nym profesjonalizmem. Wsp\u00f3\u0142praca z Wykonawc\u0105 przebiega\u0142a wzorowo \u2013 z zachowaniem wysokich standard\u00f3w jako\u015bci, komunikacji i organizacji\u201d.<br>\n          <em><b>(odpis referencji dost\u0119pny na \u017cyczenie, z zachowaniem poufno\u015bci i potwierdzony podpisem cyfrowym)<\/b><\/em>\n        <\/td>\n      <\/tr>\n\n      <!-- 2 -->\n      <tr>\n        <td style=\"border:1px solid #000; padding:8px; text-align:center;\">2<\/td>\n        <td style=\"border:1px solid #000; padding:8px;\">\n          20-22.10.2025<br>\n          <strong>Zmiany systemowe na rynku pracy<\/strong>\n        <\/td>\n        <td style=\"border:1px solid #000; padding:8px;\">\n          \u201eUs\u0142uga zosta\u0142a wykonana terminowo, rzetelnie i zgodnie z warunkami okre\u015blonymi w umowie. Wszystkie dzia\u0142ania Wykonawcy by\u0142y realizowane przy zachowaniu najwy\u017cszych standard\u00f3w jako\u015bci, profesjonalizmu i dba\u0142o\u015bci o komfort uczestnik\u00f3w.\u201d<br>\n          <em><b>(odpis referencji dost\u0119pny na \u017cyczenie, z zachowaniem poufno\u015bci i potwierdzony podpisem cyfrowym)<\/b><\/em>\n        <\/td>\n      <\/tr>\n\n      <!-- 3 -->\n      <tr>\n        <td style=\"border:1px solid #000; padding:8px; text-align:center;\">3<\/td>\n        <td style=\"border:1px solid #000; padding:8px;\">\n          15-17.10.2025<br>\n          <strong>Kompetencje spo\u0142eczne na rynku pracy<\/strong>\n        <\/td>\n        <td style=\"border:1px solid #000; padding:8px;\">\n          \u201eZamawiaj\u0105cy z pe\u0142nym przekonaniem rekomenduje Consultingowe Centrum Kszta\u0142cenia Ustawicznego jako rzetelnego i godnego zaufania partnera w realizacji projekt\u00f3w szkoleniowych i edukacyjnych.\u201d<br>\n          <em><b>(odpis referencji dost\u0119pny na \u017cyczenie, z zachowaniem poufno\u015bci i potwierdzony podpisem cyfrowym)<\/b><\/em>\n        <\/td>\n      <\/tr>\n\n      <!-- 4 -->\n      <tr>\n        <td style=\"border:1px solid #000; padding:8px; text-align:center;\">4<\/td>\n        <td style=\"border:1px solid #000; padding:8px;\">\n          15.10.2025<br>\n          <strong>Organizacja sta\u017cy zgodnie z ustaw\u0105 o rynku pracy<\/strong>\n        <\/td>\n        <td style=\"border:1px solid #000; padding:8px;\">\n          \u201eUczestnicy byli bardzo zadowoleni z przeprowadzonego szkolenia \u2013 uznali je za bardzo warto\u015bciowe.\u201d<br>\n          <em><b>(oryginalna wiadomo\u015b\u0107 dost\u0119pna jest na \u017cyczenie, z zachowaniem poufno\u015bci)<\/b><\/em>\n        <\/td>\n      <\/tr>\n\n      <!-- 5 -->\n      <tr>\n        <td style=\"border:1px solid #000; padding:8px; text-align:center;\">5<\/td>\n        <td style=\"border:1px solid #000; padding:8px;\">\n          17-19.09.2025<br>\n          <strong>Zmiany systemowe na rynku pracy<\/strong>\n        <\/td>\n        <td style=\"border:1px solid #000; padding:8px;\">\n          \u201eRealizacja szkolenia spe\u0142ni\u0142a wszystkie wymagania formalne, merytoryczne i organizacyjne, a wsp\u00f3\u0142praca z Wykonawc\u0105 przebiega\u0142a w spos\u00f3b profesjonalny, partnerski i efektywny, w pe\u0142ni odpowiadaj\u0105c oczekiwaniom Zamawiaj\u0105cego.\u201d<br>\n          <em><b>(odpis referencji dost\u0119pny na \u017cyczenie, z zachowaniem poufno\u015bci i potwierdzony podpisem cyfrowym)<\/b><\/em>\n        <\/td>\n      <\/tr>\n\n      <!-- 6 -->\n      <tr>\n        <td style=\"border:1px solid #000; padding:8px; text-align:center;\">6<\/td>\n        <td style=\"border:1px solid #000; padding:8px;\">\n          12-13.09.2025<br>\n          <strong>Nowa ustawa o rynku pracy i s\u0142u\u017cbach zatrudnienia<\/strong>\n        <\/td>\n        <td style=\"border:1px solid #000; padding:8px;\">\n          \u201eUs\u0142uga zosta\u0142a wykonana terminowo, rzetelnie oraz zgodnie z warunkami okre\u015blonymi w umowie. Wszystkie dzia\u0142ania Wykonawcy by\u0142y prowadzone z zachowaniem najwy\u017cszych standard\u00f3w jako\u015bci.\u201d<br>\n          <em><b>(odpis referencji dost\u0119pny na \u017cyczenie, z zachowaniem poufno\u015bci i potwierdzony podpisem cyfrowym)<\/b><\/em>\n        <\/td>\n      <\/tr>\n\n      <!-- 7 -->\n      <tr>\n        <td style=\"border:1px solid #000; padding:8px; text-align:center;\">7<\/td>\n        <td style=\"border:1px solid #000; padding:8px;\">\n          11-12.09.2025<br>\n          <strong>Zmiany systemowe na rynku pracy<\/strong>\n        <\/td>\n        <td style=\"border:1px solid #000; padding:8px;\">\n          \u201ePotwierdza si\u0119, \u017ce realizacja szkolenia spe\u0142ni\u0142a wszystkie wymagania formalne, merytoryczne i organizacyjne, a wsp\u00f3\u0142praca z Wykonawc\u0105 przebiega\u0142a w spos\u00f3b profesjonalny, partnerski i efektywny, co w pe\u0142ni odpowiada\u0142o oczekiwaniom Zamawiaj\u0105cego.\u201d<br>\n          <em><b>(odpis referencji dost\u0119pny na \u017cyczenie, z zachowaniem poufno\u015bci i potwierdzony podpisem cyfrowym)<\/b><\/em>\n        <\/td>\n      <\/tr>\n\n      <!-- 8 -->\n      <tr>\n        <td style=\"border:1px solid #000; padding:8px; text-align:center;\">8<\/td>\n        <td style=\"border:1px solid #000; padding:8px;\">\n          29-30.05.2025<br>\n          <strong>Rola os\u00f3b kieruj\u0105cych pracownikami w kontek\u015bcie przeciwdzia\u0142ania mobbingowi i dyskryminacji w miejscu pracy<\/strong>\n        <\/td>\n        <td style=\"border:1px solid #000; padding:8px;\">\n          \u201eWykonawca zrealizowa\u0142 szkolenie w terminie, rzetelnie i bez zastrze\u017ce\u0144.\u201d<br>\n          <em><b>(odpis referencji dost\u0119pny na \u017cyczenie, z zachowaniem poufno\u015bci i potwierdzony podpisem cyfrowym)<\/b><\/em>\n        <\/td>\n      <\/tr>\n\n      <!-- 9 -->\n      <tr>\n        <td style=\"border:1px solid #000; padding:8px; text-align:center;\">9<\/td>\n        <td style=\"border:1px solid #000; padding:8px;\">\n          16.04.2025<br>\n          <strong>Skuteczne planowanie dzia\u0142a\u0144 organizacyjnych urz\u0119du pracy<\/strong>\n        <\/td>\n        <td style=\"border:1px solid #000; padding:8px;\">\n          \u201eUs\u0142uga zosta\u0142a wykonana terminowo, rzetelnie oraz zgodnie z warunkami okre\u015blonymi w umowie. Wszystkie dzia\u0142ania Wykonawcy by\u0142y prowadzone z zachowaniem najwy\u017cszych standard\u00f3w jako\u015bci.\u201d<br>\n          <em><b>(odpis referencji dost\u0119pny na \u017cyczenie, z zachowaniem poufno\u015bci i potwierdzony podpisem cyfrowym)<\/b><\/em>\n        <\/td>\n      <\/tr>\n\n      <!-- 10 -->\n      <tr>\n        <td style=\"border:1px solid #000; padding:8px; text-align:center;\">10<\/td>\n        <td style=\"border:1px solid #000; padding:8px;\">\n          13-15.03.2025<br>\n          <strong>Kompetencje spo\u0142eczne na rynku pracy<\/strong>\n        <\/td>\n        <td style=\"border:1px solid #000; padding:8px;\">\n          \u201eOd momentu rozpocz\u0119cia podr\u00f3\u017cy uczestnikom towarzyszy\u0142 koordynator szkolenia, kt\u00f3ry pe\u0142ni\u0142 nadz\u00f3r nad prawid\u0142owym przebiegiem wszystkich etap\u00f3w szkolenia oraz koordynowa\u0142 jego organizacj\u0119 logistyczn\u0105. Us\u0142uga zosta\u0142a wykonana terminowo, rzetelnie i zgodnie z warunkami okre\u015blonymi w umowie, przy zachowaniu wysokich standard\u00f3w organizacyjnych.\u201d<br>\n          <em><b>(odpis referencji dost\u0119pny na \u017cyczenie, z zachowaniem poufno\u015bci i potwierdzony podpisem cyfrowym)<\/b><\/em>\n        <\/td>\n      <\/tr>\n\n      <!-- 11 -->\n      <tr>\n        <td style=\"border:1px solid #000; padding:8px; text-align:center;\">11<\/td>\n        <td style=\"border:1px solid #000; padding:8px;\">\n          11-13.09.2024<br>\n          <strong>Kompetencje spo\u0142eczne na rynku pracy<\/strong>\n        <\/td>\n        <td style=\"border:1px solid #000; padding:8px;\">\n          \u201eProwadz\u0105cy zaj\u0119cia przeprowadzi\u0142 szkolenie profesjonalnie, zgodnie z ustalonym programem i harmonogramem. Us\u0142uga zosta\u0142a wykonana terminowo i rzetelnie.\u201d<br>\n          <em><b>(odpis referencji dost\u0119pny na \u017cyczenie, z zachowaniem poufno\u015bci i potwierdzony podpisem cyfrowym)<\/b><\/em>\n        <\/td>\n      <\/tr>\n\n      <!-- 12 -->\n      <tr>\n        <td style=\"border:1px solid #000; padding:8px; text-align:center;\">12<\/td>\n        <td style=\"border:1px solid #000; padding:8px;\">\n          6-7.06.2024<br>\n          <strong>Efektywna komunikacja \u2013 wszyscy komunikuj\u0105 si\u0119, niewielu potrafi si\u0119 porozumie\u0107<\/strong>\n        <\/td>\n        <td style=\"border:1px solid #000; padding:8px;\">\n          \u201eWykonawca zrealizowa\u0142 przedmiot umowy w terminie, rzetelnie (bez wad) i bez zastrze\u017ce\u0144.\u201d<br>\n          <em><b>(odpis referencji dost\u0119pny na \u017cyczenie, z zachowaniem poufno\u015bci i potwierdzony podpisem cyfrowym)<\/b><\/em>\n        <\/td>\n      <\/tr>\n    <\/tbody>\n  <\/table>\n<\/div>\n\n\n\n\n<p><\/p>\n","protected":false},"excerpt":{"rendered":"<p>Lista wybranych referencji: 1 3-5.12.2025 Warsztaty dla kadry EURES \u201eUs\u0142uga zosta\u0142a wykonana terminowo, rzetelnie i z pe\u0142nym profesjonalizmem. Wsp\u00f3\u0142praca z [&hellip;]<\/p>\n","protected":false},"author":1,"featured_media":0,"parent":0,"menu_order":0,"comment_status":"closed","ping_status":"closed","template":"","meta":{"_acf_changed":false,"site-sidebar-layout":"default","site-content-layout":"","ast-site-content-layout":"default","site-content-style":"default","site-sidebar-style":"default","ast-global-header-display":"","ast-banner-title-visibility":"","ast-main-header-display":"","ast-hfb-above-header-display":"","ast-hfb-below-header-display":"","ast-hfb-mobile-header-display":"","site-post-title":"","ast-breadcrumbs-content":"","ast-featured-img":"","footer-sml-layout":"","ast-disable-related-posts":"","theme-transparent-header-meta":"","adv-header-id-meta":"","stick-header-meta":"","header-above-stick-meta":"","header-main-stick-meta":"","header-below-stick-meta":"","astra-migrate-meta-layouts":"default","ast-page-background-enabled":"default","ast-page-background-meta":{"desktop":{"background-color":"var(--ast-global-color-5)","background-image":"","background-repeat":"repeat","background-position":"center center","background-size":"auto","background-attachment":"scroll","background-type":"","background-media":"","overlay-type":"","overlay-color":"","overlay-opacity":"","overlay-gradient":""},"tablet":{"background-color":"","background-image":"","background-repeat":"repeat","background-position":"center center","background-size":"auto","background-attachment":"scroll","background-type":"","background-media":"","overlay-type":"","overlay-color":"","overlay-opacity":"","overlay-gradient":""},"mobile":{"background-color":"","background-image":"","background-repeat":"repeat","background-position":"center center","background-size":"auto","background-attachment":"scroll","background-type":"","background-media":"","overlay-type":"","overlay-color":"","overlay-opacity":"","overlay-gradient":""}},"ast-content-background-meta":{"desktop":{"background-color":"var(--ast-global-color-4)","background-image":"","background-repeat":"repeat","background-position":"center center","background-size":"auto","background-attachment":"scroll","background-type":"","background-media":"","overlay-type":"","overlay-color":"","overlay-opacity":"","overlay-gradient":""},"tablet":{"background-color":"var(--ast-global-color-4)","background-image":"","background-repeat":"repeat","background-position":"center center","background-size":"auto","background-attachment":"scroll","background-type":"","background-media":"","overlay-type":"","overlay-color":"","overlay-opacity":"","overlay-gradient":""},"mobile":{"background-color":"var(--ast-global-color-4)","background-image":"","background-repeat":"repeat","background-position":"center center","background-size":"auto","background-attachment":"scroll","background-type":"","background-media":"","overlay-type":"","overlay-color":"","overlay-opacity":"","overlay-gradient":""}},"footnotes":""},"class_list":["post-980","page","type-page","status-publish","hentry"],"acf":[],"_links":{"self":[{"href":"https:\/\/ccku.pl\/index.php\/wp-json\/wp\/v2\/pages\/980","targetHints":{"allow":["GET"]}}],"collection":[{"href":"https:\/\/ccku.pl\/index.php\/wp-json\/wp\/v2\/pages"}],"about":[{"href":"https:\/\/ccku.pl\/index.php\/wp-json\/wp\/v2\/types\/page"}],"author":[{"embeddable":true,"href":"https:\/\/ccku.pl\/index.php\/wp-json\/wp\/v2\/users\/1"}],"replies":[{"embeddable":true,"href":"https:\/\/ccku.pl\/index.php\/wp-json\/wp\/v2\/comments?post=980"}],"version-history":[{"count":10,"href":"https:\/\/ccku.pl\/index.php\/wp-json\/wp\/v2\/pages\/980\/revisions"}],"predecessor-version":[{"id":1067,"href":"https:\/\/ccku.pl\/index.php\/wp-json\/wp\/v2\/pages\/980\/revisions\/1067"}],"wp:attachment":[{"href":"https:\/\/ccku.pl\/index.php\/wp-json\/wp\/v2\/media?parent=980"}],"curies":[{"name":"wp","href":"https:\/\/api.w.org\/{rel}","templated":true}]}}